{"id":702,"date":"2024-09-04T19:37:44","date_gmt":"2024-09-04T17:37:44","guid":{"rendered":"https:\/\/bkv-gerthe.de\/?page_id=702"},"modified":"2025-11-24T13:19:24","modified_gmt":"2025-11-24T12:19:24","slug":"aufnahmeantrag","status":"publish","type":"page","link":"https:\/\/bkv-gerthe.de\/?page_id=702","title":{"rendered":"Mitgliedschaft"},"content":{"rendered":"\n<p>Die Stadt Bochum ist ein sehr traditionsreicher Bergbaustandort.<br>Damit dieses nicht in Vergessenheit ger\u00e4t suchen wir interessierte Mitb\u00fcrger, die die Tradition und das Brauchtum der Bergmanns-\/ Knappenvereine und des ehemaligen heimischen Bergbaus pflegen m\u00f6chten. Dabei ist es unbedeutend ob man im Bergbau besch\u00e4ftigt ist\/ war oder nicht.<br>Ob Mann oder Frau, jung oder alt, alle sind herzlich willkommen, bei uns mitzumachen.<\/p>\n<p>Wenn Sie Interesse haben oder noch mehr \u00fcber unseren Verein erfahren wollen, dann wenden Sie sich einfach an eine Person aus unserem&nbsp;&nbsp;<a href=\"https:\/\/bkv-gerthe.de\/?page_id=46\">Vorstand <\/a>.<\/p>\n<h3>MITGLIED WERDEN<\/h3>\n<p>Wir freuen uns \u00fcber Ihr&nbsp; Interesse an der Mitgliedschaft in unserem Knappenverein. Bitte f\u00fcllen Sie das unten stehende Online-Formular aus. Wir setzen uns schnellstm\u00f6glich mit Ihnen in Verbindung. Der Jahresbeitrag betr\u00e4gt aktuell 25 Euro f\u00fcr Erwachsene. Kinder und Jugenliche unter 18 Jahren zahlen die H\u00e4lfte.<\/p>\n<p>sie k\u00f6nnen auch den <a href=\"https:\/\/bkv-gerthe.de\/wp-content\/uploads\/2023\/12\/Aufnahmeantrag_2020.pdf\">Aufnahmeantrag<\/a> herunterladen und uns per Post oder Mail zusenden. <a href=\"https:\/\/bkv-gerthe.de\/?page_id=56\">Kontaktdaten<\/a> finden Sie hier.<\/p>\n<hr>\n<h3>AUFNAHMEANTRAG<\/h3>\n\n\n\n<div class=\"wpcf7 no-js\" id=\"wpcf7-f701-o1\" lang=\"de-DE\" dir=\"ltr\" data-wpcf7-id=\"701\">\n<div class=\"screen-reader-response\"><p role=\"status\" aria-live=\"polite\" aria-atomic=\"true\"><\/p> <ul><\/ul><\/div>\n<form action=\"\/index.php?rest_route=%2Fwp%2Fv2%2Fpages%2F702#wpcf7-f701-o1\" method=\"post\" class=\"wpcf7-form init\" aria-label=\"Kontaktformular\" novalidate=\"novalidate\" data-status=\"init\">\n<fieldset class=\"hidden-fields-container\"><input type=\"hidden\" name=\"_wpcf7\" value=\"701\" \/><input type=\"hidden\" name=\"_wpcf7_version\" value=\"6.1.5\" \/><input type=\"hidden\" name=\"_wpcf7_locale\" value=\"de_DE\" \/><input type=\"hidden\" name=\"_wpcf7_unit_tag\" value=\"wpcf7-f701-o1\" \/><input type=\"hidden\" name=\"_wpcf7_container_post\" value=\"0\" \/><input type=\"hidden\" name=\"_wpcf7_posted_data_hash\" value=\"\" \/>\n<\/fieldset>\n<p><b>Hiermit beantrage ich die Aufnahme in den BKV Gl\u00fcckauf Gerthe 1891 e.V.<\/b><br \/>\n<label>Anrede<br \/>\n<span class=\"wpcf7-form-control-wrap\" data-name=\"Anrede\"><select class=\"wpcf7-form-control wpcf7-select wpcf7-validates-as-required\" aria-required=\"true\" aria-invalid=\"false\" name=\"Anrede\"><option value=\"Frau\">Frau<\/option><option value=\"Herr\">Herr<\/option><option value=\"Dr.\">Dr.<\/option><\/select><\/span> <\/label><br \/>\n<label> Nachname<br \/>\n<span class=\"wpcf7-form-control-wrap\" data-name=\"Nachname\"><input size=\"40\" maxlength=\"400\" class=\"wpcf7-form-control wpcf7-text wpcf7-validates-as-required\" autocomplete=\"name\" aria-required=\"true\" aria-invalid=\"false\" value=\"\" type=\"text\" name=\"Nachname\" \/><\/span> <\/label><br \/>\n<label> Vorname<br \/>\n<span class=\"wpcf7-form-control-wrap\" data-name=\"Vorname\"><input size=\"40\" maxlength=\"400\" class=\"wpcf7-form-control wpcf7-text wpcf7-validates-as-required\" autocomplete=\"name\" aria-required=\"true\" aria-invalid=\"false\" value=\"\" type=\"text\" name=\"Vorname\" \/><\/span> <\/label><br \/>\n<label> Geburtsdatum<br \/>\n<span class=\"wpcf7-form-control-wrap\" data-name=\"Geburtsdatum\"><input class=\"wpcf7-form-control wpcf7-date wpcf7-validates-as-required wpcf7-validates-as-date\" aria-required=\"true\" aria-invalid=\"false\" value=\"Bitte w\u00e4hlen\" type=\"date\" name=\"Geburtsdatum\" \/><\/span><br \/>\n<\/label><br \/>\n<label> Beruf<br \/>\n<span class=\"wpcf7-form-control-wrap\" data-name=\"Beruf\"><input size=\"40\" maxlength=\"400\" class=\"wpcf7-form-control wpcf7-text wpcf7-validates-as-required\" autocomplete=\"name\" aria-required=\"true\" aria-invalid=\"false\" value=\"\" type=\"text\" name=\"Beruf\" \/><\/span> <\/label><br \/>\n<label> Postleitzahl<br \/>\n<span class=\"wpcf7-form-control-wrap\" data-name=\"PLZ\"><input size=\"40\" maxlength=\"400\" class=\"wpcf7-form-control wpcf7-text wpcf7-validates-as-required\" autocomplete=\"name\" aria-required=\"true\" aria-invalid=\"false\" value=\"\" type=\"text\" name=\"PLZ\" \/><\/span> <\/label><br \/>\n<label> Stadt<br \/>\n<span class=\"wpcf7-form-control-wrap\" data-name=\"Stadt\"><input size=\"40\" maxlength=\"400\" class=\"wpcf7-form-control wpcf7-text wpcf7-validates-as-required\" autocomplete=\"name\" aria-required=\"true\" aria-invalid=\"false\" value=\"\" type=\"text\" name=\"Stadt\" \/><\/span> <\/label><br \/>\n<label> Stra\u00dfe<br \/>\n<span class=\"wpcf7-form-control-wrap\" data-name=\"Strasse\"><input size=\"40\" maxlength=\"400\" class=\"wpcf7-form-control wpcf7-text wpcf7-validates-as-required\" autocomplete=\"name\" aria-required=\"true\" aria-invalid=\"false\" value=\"\" type=\"text\" name=\"Strasse\" \/><\/span> <\/label><br \/>\n<label> Telefonnummer<br \/>\n<span class=\"wpcf7-form-control-wrap\" data-name=\"Telefon\"><input size=\"40\" maxlength=\"400\" class=\"wpcf7-form-control wpcf7-text wpcf7-validates-as-required\" autocomplete=\"name\" aria-required=\"true\" aria-invalid=\"false\" value=\"\" type=\"text\" name=\"Telefon\" \/><\/span> <\/label><br \/>\n<label> E-Mail-Adresse<br \/>\n<span class=\"wpcf7-form-control-wrap\" data-name=\"email\"><input size=\"40\" maxlength=\"400\" class=\"wpcf7-form-control wpcf7-email wpcf7-validates-as-required wpcf7-text wpcf7-validates-as-email\" autocomplete=\"email\" aria-required=\"true\" aria-invalid=\"false\" value=\"\" type=\"email\" name=\"email\" \/><\/span> <\/label><br \/>\n<label> Gew\u00fcnschtes Eintrittsdatum<br \/>\n<span class=\"wpcf7-form-control-wrap\" data-name=\"date-515\"><input class=\"wpcf7-form-control wpcf7-date wpcf7-validates-as-date\" aria-invalid=\"false\" value=\"\" type=\"date\" name=\"date-515\" \/><\/span><br \/>\n<\/label><br \/>\n<span class=\"wpcf7-form-control-wrap\" data-name=\"einwilligung\"><span class=\"wpcf7-form-control wpcf7-checkbox wpcf7-validates-as-required\"><span class=\"wpcf7-list-item first last\"><label><input type=\"checkbox\" name=\"einwilligung[]\" value=\"Ich bin damit einverstanden, dass Bild- und Videomaterial von mir im Rahmen der Vereinst\u00e4tigkeit ver\u00f6ffentlicht wird.\" \/><span class=\"wpcf7-list-item-label\">Ich bin damit einverstanden, dass Bild- und Videomaterial von mir im Rahmen der Vereinst\u00e4tigkeit ver\u00f6ffentlicht wird.<\/span><\/label><\/span><\/span><\/span><br \/>\n<span id=\"wpcf7-69e4b307bcafc-wrapper\" class=\"wpcf7-form-control-wrap mussleerbleiben-587-wrap\" style=\"display:none !important; visibility:hidden !important;\"><label for=\"wpcf7-69e4b307bcafc-field\" class=\"hp-message\">Bitte lasse dieses Feld leer.<\/label><input id=\"wpcf7-69e4b307bcafc-field\"  class=\"wpcf7-form-control wpcf7-text\" type=\"text\" name=\"mussleerbleiben-587\" value=\"\" size=\"40\" tabindex=\"-1\" autocomplete=\"new-password\" \/><\/span><br \/>\n<input class=\"wpcf7-form-control wpcf7-submit has-spinner\" type=\"submit\" value=\"Senden\" \/>\n<\/p><p style=\"display: none !important;\" class=\"akismet-fields-container\" data-prefix=\"_wpcf7_ak_\"><label>&#916;<textarea name=\"_wpcf7_ak_hp_textarea\" cols=\"45\" rows=\"8\" maxlength=\"100\"><\/textarea><\/label><input type=\"hidden\" id=\"ak_js_1\" name=\"_wpcf7_ak_js\" value=\"3\"\/><script>document.getElementById( \"ak_js_1\" ).setAttribute( \"value\", ( new Date() ).getTime() );<\/script><\/p><div class=\"wpcf7-response-output\" aria-hidden=\"true\"><\/div>\n<\/form>\n<\/div>\n\n\n\n\n<p><\/p>\n","protected":false},"excerpt":{"rendered":"<p>Die Stadt Bochum ist ein sehr traditionsreicher Bergbaustandort.Damit dieses nicht in Vergessenheit ger\u00e4t suchen wir interessierte Mitb\u00fcrger, die die Tradition und das Brauchtum der Bergmanns-\/ Knappenvereine und des ehemaligen heimischen Bergbaus pflegen m\u00f6chten. Dabei ist<\/p>\n","protected":false},"author":2,"featured_media":0,"parent":0,"menu_order":0,"comment_status":"closed","ping_status":"closed","template":"","meta":{"ngg_post_thumbnail":0,"footnotes":""},"class_list":["post-702","page","type-page","status-publish","hentry"],"featured_image_src":null,"featured_image_src_square":null,"_links":{"self":[{"href":"https:\/\/bkv-gerthe.de\/index.php?rest_route=\/wp\/v2\/pages\/702","targetHints":{"allow":["GET"]}}],"collection":[{"href":"https:\/\/bkv-gerthe.de\/index.php?rest_route=\/wp\/v2\/pages"}],"about":[{"href":"https:\/\/bkv-gerthe.de\/index.php?rest_route=\/wp\/v2\/types\/page"}],"author":[{"embeddable":true,"href":"https:\/\/bkv-gerthe.de\/index.php?rest_route=\/wp\/v2\/users\/2"}],"replies":[{"embeddable":true,"href":"https:\/\/bkv-gerthe.de\/index.php?rest_route=%2Fwp%2Fv2%2Fcomments&post=702"}],"version-history":[{"count":11,"href":"https:\/\/bkv-gerthe.de\/index.php?rest_route=\/wp\/v2\/pages\/702\/revisions"}],"predecessor-version":[{"id":754,"href":"https:\/\/bkv-gerthe.de\/index.php?rest_route=\/wp\/v2\/pages\/702\/revisions\/754"}],"wp:attachment":[{"href":"https:\/\/bkv-gerthe.de\/index.php?rest_route=%2Fwp%2Fv2%2Fmedia&parent=702"}],"curies":[{"name":"wp","href":"https:\/\/api.w.org\/{rel}","templated":true}]}}