{"id":52,"date":"2022-09-22T18:33:19","date_gmt":"2022-09-22T18:33:19","guid":{"rendered":"https:\/\/bkv-gerthe.de\/?page_id=52"},"modified":"2022-10-17T13:22:08","modified_gmt":"2022-10-17T13:22:08","slug":"impressum","status":"publish","type":"page","link":"https:\/\/bkv-gerthe.de\/?page_id=52","title":{"rendered":"Impressum"},"content":{"rendered":"\n<h4 class=\"wp-block-heading\"><strong>Herausgeber<\/strong><\/h4>\n\n\n\n<p>Bergmanns-Kameradschafts-Verein Gl\u00fcckauf Gerthe 1891 e. V.<br>Am Holzplatz 31<br>44627 Herne<\/p>\n\n\n\n<h4 class=\"wp-block-heading\"><strong>Vereinsregister<\/strong><\/h4>\n\n\n\n<p>Eingetragen beim Amtsgericht Bochum unter VR 3502 .<\/p>\n\n\n\n<h4 class=\"wp-block-heading\"><strong>Vertretungsberechtigter Vorstand<\/strong><\/h4>\n\n\n\n<figure class=\"wp-block-table\"><table><tbody><tr><td>Hans Mohlek<\/td><td>1. Vorsitzender<\/td><td>\u2013\u00a0 \u00a0<a href=\"mailto:johannes.hartmann@knappen-nrw.de\"><\/a><a href=\"mailto:hans.mohlek@bkv-gerthe.de\">hans.mohlek@bkv-gerthe.de<\/a><\/td><\/tr><tr><td><\/td><td><\/td><td><\/td><\/tr><tr><td><\/td><td><\/td><td>\u2013 &nbsp;&nbsp;<\/td><\/tr><\/tbody><\/table><\/figure>\n\n\n\n<h4 class=\"wp-block-heading\" style=\"text-transform:capitalize\"><strong>Redaktion<\/strong><\/h4>\n\n\n\n<figure class=\"wp-block-table\"><table><tbody><tr><td><\/td><td><\/td><td><\/td><\/tr><\/tbody><\/table><\/figure>\n\n\n\n<h4 class=\"wp-block-heading\">Haftung f\u00fcr Inhalte<\/h4>\n\n\n\n<p>Die Inhalte unserer Seiten wurden mit gr\u00f6\u00dfter Sorgfalt erstellt. F\u00fcr die Richtigkeit, Vollst\u00e4ndigkeit und Aktualit\u00e4t der Inhalte k\u00f6nnen wir jedoch keine Gew\u00e4hr \u00fcbernehmen.<br>Als Diensteanbieter sind wir gem\u00e4\u00df \u00a7 7 Abs.1 TMG f\u00fcr eigene Inhalte auf diesen Seiten nach den allgemeinen Gesetzen verantwortlich. Nach \u00a7\u00a7 8 bis 10 TMG sind wir als Diensteanbieter jedoch nicht verpflichtet, \u00fcbermittelte oder gespeicherte fremde Informationen zu \u00fcberwachen oder nach Umst\u00e4nden zu forschen, die auf eine rechtswidrige T\u00e4tigkeit hinweisen.<br>Verpflichtungen zur Entfernung oder Sperrung der Nutzung von Informationen nach den allgemeinen Gesetzen bleiben hiervon unber\u00fchrt. Eine diesbez\u00fcgliche Haftung ist jedoch erst ab dem Zeitpunkt der Kenntnis einer konkreten Rechtsverletzung m\u00f6glich. Bei Bekanntwerden von entsprechenden Rechtsverletzungen werden wir diese Inhalte umgehend entfernen.<\/p>\n\n\n\n<h4 class=\"wp-block-heading\"><strong>Haftung f\u00fcr Links<\/strong><\/h4>\n\n\n\n<p>Unser Angebot enth\u00e4lt Links zu externen Websites Dritter, auf deren Inhalte wir keinen Einfluss haben Deshalb k\u00f6nnen wir f\u00fcr diese fremden Inhalte auch keine Gew\u00e4hr \u00fcbernehmen. F\u00fcr die Inhalte der verlinkten Seiten ist stets der jeweilige Anbieter oder Betreiber der Seiten verantwortlich. Die verlinkten Seiten wurden zum Zeitpunkt der Verlinkung auf m\u00f6gliche Rechtsverst\u00f6\u00dfe \u00fcberpr\u00fcft. Rechtswidrige Inhalte waren zum Zeitpunkt der Verlinkung nicht erkennbar.<br>Eine permanente inhaltliche Kontrolle der verlinkten Seiten ist jedoch ohne konkrete Anhaltspunkte einer Rechtsverletzung nicht zumutbar. Bei Bekanntwerden von Rechtsverletzungen werden wir derartige Links umgehend entfernen.<\/p>\n\n\n\n<h4 class=\"wp-block-heading\"><strong>Urheberrecht<\/strong><\/h4>\n\n\n\n<p>Unser Angebot enth\u00e4lt Links zu externen Websites Dritter, auf deren Inhalte wir keinen Einfluss haben Deshalb k\u00f6nnen wir f\u00fcr diese fremden Inhalte auch keine Gew\u00e4hr \u00fcbernehmen. F\u00fcr die Inhalte der verlinkten Seiten ist stets der jeweilige Anbieter oder Betreiber der Seiten verantwortlich. Die verlinkten Seiten wurden zum Zeitpunkt der Verlinkung auf m\u00f6gliche Rechtsverst\u00f6\u00dfe \u00fcberpr\u00fcft. Rechtswidrige Inhalte waren zum Zeitpunkt der Verlinkung nicht erkennbar.<br>Eine permanente inhaltliche Kontrolle der verlinkten Seiten ist jedoch ohne konkrete Anhaltspunkte einer Rechtsverletzung nicht zumutbar. Bei Bekanntwerden von Rechtsverletzungen werden wir derartige Links umgehend entfernen.<\/p>\n\n\n\n<p>Quelle: e-recht24.de&nbsp;Rechtsberatung&nbsp;von RA S\u00f6ren Siebert \u2013&nbsp;<a rel=\"noreferrer noopener\" href=\"http:\/\/www.e-recht24.de\/\" target=\"_blank\">Link<\/a><\/p>\n","protected":false},"excerpt":{"rendered":"<p>Herausgeber Bergmanns-Kameradschafts-Verein Gl\u00fcckauf Gerthe 1891 e. V.Am Holzplatz 3144627 Herne Vereinsregister Eingetragen beim Amtsgericht Bochum unter VR 3502 . Vertretungsberechtigter Vorstand Hans Mohlek 1. Vorsitzender \u2013\u00a0 \u00a0hans.mohlek@bkv-gerthe.de \u2013 &nbsp;&nbsp; Redaktion Haftung f\u00fcr Inhalte Die Inhalte<\/p>\n","protected":false},"author":1,"featured_media":0,"parent":0,"menu_order":0,"comment_status":"closed","ping_status":"closed","template":"","meta":{"ngg_post_thumbnail":0,"footnotes":""},"class_list":["post-52","page","type-page","status-publish","hentry"],"featured_image_src":null,"featured_image_src_square":null,"_links":{"self":[{"href":"https:\/\/bkv-gerthe.de\/index.php?rest_route=\/wp\/v2\/pages\/52","targetHints":{"allow":["GET"]}}],"collection":[{"href":"https:\/\/bkv-gerthe.de\/index.php?rest_route=\/wp\/v2\/pages"}],"about":[{"href":"https:\/\/bkv-gerthe.de\/index.php?rest_route=\/wp\/v2\/types\/page"}],"author":[{"embeddable":true,"href":"https:\/\/bkv-gerthe.de\/index.php?rest_route=\/wp\/v2\/users\/1"}],"replies":[{"embeddable":true,"href":"https:\/\/bkv-gerthe.de\/index.php?rest_route=%2Fwp%2Fv2%2Fcomments&post=52"}],"version-history":[{"count":13,"href":"https:\/\/bkv-gerthe.de\/index.php?rest_route=\/wp\/v2\/pages\/52\/revisions"}],"predecessor-version":[{"id":353,"href":"https:\/\/bkv-gerthe.de\/index.php?rest_route=\/wp\/v2\/pages\/52\/revisions\/353"}],"wp:attachment":[{"href":"https:\/\/bkv-gerthe.de\/index.php?rest_route=%2Fwp%2Fv2%2Fmedia&parent=52"}],"curies":[{"name":"wp","href":"https:\/\/api.w.org\/{rel}","templated":true}]}}