{"id":42,"date":"2022-09-22T18:30:42","date_gmt":"2022-09-22T18:30:42","guid":{"rendered":"https:\/\/bkv-gerthe.de\/?page_id=42"},"modified":"2024-12-09T22:39:39","modified_gmt":"2024-12-09T21:39:39","slug":"vereinsinfo","status":"publish","type":"page","link":"https:\/\/bkv-gerthe.de\/?page_id=42","title":{"rendered":"Knappenverein gestern und heute"},"content":{"rendered":"\n<p>Kaum ein anderer Beruf pr\u00e4gt die Menschen so tiefgreifend wie der des Bergmanns. Sein Alltag, sein Denken und sein Handeln wurden \u00fcber Jahrhunderte von der besonderen Welt unter Tage geformt. Tief im Berg, abgeschottet von der Oberfl\u00e4che, standen die M\u00e4nner den Herausforderungen und Gefahren ihrer Arbeit gegen\u00fcber: Gebirgsdruck, Steinfall, schlagende Wetter und gesundheitliche Risiken wie die Steinstaublunge. Diese Bedingungen erforderten Mut, St\u00e4rke und Zusammenhalt \u2013 Eigenschaften, die den Bergmann zu einer besonderen Pers\u00f6nlichkeit machten. Doch der Alltag war auch gepr\u00e4gt von Schmutz, Dunkelheit, Enge und der st\u00e4ndigen Begleiterin: der Angst.<\/p>\n\n\n\n<p>Schon im Mittelalter erkannten Bergleute die Notwendigkeit von Gemeinschaft. Sie schlossen sich zu Bruderschaften zusammen, um sich gegenseitig zu unterst\u00fctzen \u2013 sei es bei Krankheit, Unfall oder Tod. Neben der Hilfe in schwierigen Zeiten war auch die Geselligkeit ein wichtiger Bestandteil dieser Gemeinschaften. Feste feiern, Traditionen pflegen und die Freizeit miteinander verbringen geh\u00f6rten genauso dazu wie die gegenseitige Solidarit\u00e4t.<\/p>\n\n\n\n<p>Die modernen Knappenvereine, wie wir sie heute kennen, entstanden verst\u00e4rkt ab Mitte des 19. Jahrhunderts. Sie waren oft an einzelne Zechen gebunden und dienten als Anlaufstelle f\u00fcr Unterst\u00fctzung und Kameradschaft. Auch im Umfeld der Zeche Lothringen in Gerthe fanden sich engagierte Bergleute zusammen. Am 16. M\u00e4rz 1891 gr\u00fcndete ein Komitee unter der Leitung von Carl Schwitzer den \u201eBergmanns-Unterst\u00fctzungsverein Gl\u00fcck auf\u201c. Die Statuten wurden im Mai desselben Jahres verabschiedet.<\/p>\n\n\n\n<p>Ein Blick in die Protokolle des Vereins, die bis heute erhalten sind, zeigt nicht nur die Aktivit\u00e4ten der damaligen Mitglieder, sondern auch die bewegte Geschichte des Knappenvereins. Besonders bemerkenswert ist das Engagement w\u00e4hrend der Zeit von 1933 bis 1945: In einer \u00c4ra, in der viele Vereine aufgel\u00f6st wurden, gelang es den Verantwortlichen in Gerthe, den Verein durch geschicktes und mutiges Handeln zu bewahren.<\/p>\n\n\n\n<p>Heute, in einer Zeit ohne aktiven Steinkohlenbergbau im Ruhrgebiet, bleibt der Knappenverein ein H\u00fcter der bergm\u00e4nnischen Tradition. Mit Stolz pflegen wir die Werte, die den Bergbau ausmachen: Zusammenhalt, Ehrlichkeit und den Glauben an die St\u00e4rke der Gemeinschaft. Unsere Aktivit\u00e4ten reichen von traditionellen Feiern \u00fcber die Teilnahme an Bergbautreffen bis hin zur Zusammenarbeit mit Schulen und Stadtteilprojekten.<\/p>\n\n\n\n<p>Als Menschen des Ruhrgebiets tragen wir den Bergbau in unserem Herzen. Unsere Wurzeln in dieser einzigartigen Kultur sind ein Teil von uns \u2013 und darauf k\u00f6nnen wir stolz sein.<\/p>\n\n\n\n<p><strong>Gl\u00fcckauf<\/strong><\/p>\n\n\n\n<p><\/p>\n","protected":false},"excerpt":{"rendered":"<p>Kaum ein anderer Beruf pr\u00e4gt die Menschen so tiefgreifend wie der des Bergmanns. Sein Alltag, sein Denken und sein Handeln wurden \u00fcber Jahrhunderte von der besonderen Welt unter Tage geformt. Tief im Berg, abgeschottet von<\/p>\n","protected":false},"author":1,"featured_media":0,"parent":0,"menu_order":0,"comment_status":"closed","ping_status":"closed","template":"","meta":{"ngg_post_thumbnail":0,"footnotes":""},"class_list":["post-42","page","type-page","status-publish","hentry"],"featured_image_src":null,"featured_image_src_square":null,"_links":{"self":[{"href":"https:\/\/bkv-gerthe.de\/index.php?rest_route=\/wp\/v2\/pages\/42","targetHints":{"allow":["GET"]}}],"collection":[{"href":"https:\/\/bkv-gerthe.de\/index.php?rest_route=\/wp\/v2\/pages"}],"about":[{"href":"https:\/\/bkv-gerthe.de\/index.php?rest_route=\/wp\/v2\/types\/page"}],"author":[{"embeddable":true,"href":"https:\/\/bkv-gerthe.de\/index.php?rest_route=\/wp\/v2\/users\/1"}],"replies":[{"embeddable":true,"href":"https:\/\/bkv-gerthe.de\/index.php?rest_route=%2Fwp%2Fv2%2Fcomments&post=42"}],"version-history":[{"count":11,"href":"https:\/\/bkv-gerthe.de\/index.php?rest_route=\/wp\/v2\/pages\/42\/revisions"}],"predecessor-version":[{"id":833,"href":"https:\/\/bkv-gerthe.de\/index.php?rest_route=\/wp\/v2\/pages\/42\/revisions\/833"}],"wp:attachment":[{"href":"https:\/\/bkv-gerthe.de\/index.php?rest_route=%2Fwp%2Fv2%2Fmedia&parent=42"}],"curies":[{"name":"wp","href":"https:\/\/api.w.org\/{rel}","templated":true}]}}